{"id":168,"date":"2020-08-03T15:24:48","date_gmt":"2020-08-03T13:24:48","guid":{"rendered":"http:\/\/lescouu.cluster028.hosting.ovh.net\/?page_id=168"},"modified":"2020-08-03T15:24:48","modified_gmt":"2020-08-03T13:24:48","slug":"conditions-dutilisation","status":"publish","type":"page","link":"https:\/\/www.lescouleurs.fr\/fr\/conditions-dutilisation\/","title":{"rendered":"Conditions d&rsquo;utilisation"},"content":{"rendered":"\n<h3 class=\"wp-block-heading\"><strong>Pr\u00e9ambule<\/strong><\/h3>\n\n<p>Les pr\u00e9sentes conditions r\u00e9gissent les relations contractuelles entre, d&rsquo;une part, www.lescouleurs.fr , ci-apr\u00e8s d\u00e9nomm\u00e9 \u00ab\u00a0Les couleurs de l&rsquo;accompagnement \u00ab\u00a0, site de commerce \u00e9lectronique d\u00e9tenu par l&rsquo;association Messidor.<\/p>\n\n<p>Conform\u00e9ment aux dispositions des articles 6-III et 19 de la loi pour la Confiance dans l&rsquo;\u00c9conomie Num\u00e9rique, nous vous informons que l&rsquo;ASSOCIATION MESSIDOR, association d\u00e9clar\u00e9e est en activit\u00e9 depuis 35 ans. Domicili\u00e9e \u00e0 LYON 8EME (69008), elle est sp\u00e9cialis\u00e9e dans le secteur d&rsquo;activit\u00e9 de l&rsquo;aide par le travail.<\/p>\n\n<p>et, toute personne d\u00e9sireuse d\u2019effectuer un achat via<strong> Les couleurs de l&rsquo;accompagnement<\/strong>, ci-apr\u00e8s d\u00e9nomm\u00e9 \u00ab\u00a0l&rsquo;Acheteur\u00a0\u00bb, d\u2019autre part.<\/p>\n\n<h3 class=\"wp-block-heading\"><strong>1. Acceptation des conditions<\/strong><\/h3>\n\n<p>En validant une commande, les deux parties reconnaissent avoir pris connaissance des pr\u00e9sentes conditions g\u00e9n\u00e9rales de ventes et d\u00e9clarent les accepter sans r\u00e9serve.<br \/>Ces conditions g\u00e9n\u00e9rales de vente pr\u00e9valent sur toute autre condition figurant dans tout autre document, sauf d\u00e9rogation pr\u00e9alable, expresse et \u00e9crite d\u00e9livr\u00e9e par<strong> Les couleurs de l&rsquo;accompagnement<\/strong>. Elles peuvent \u00eatre modifi\u00e9es \u00e0 tout moment par<strong>\u00a0Les couleurs de l&rsquo;accompagnement<\/strong> et s\u2019appliquent \u00e0 toute vente post\u00e9rieure \u00e0 leur publication sur le site.<\/p>\n\n<h3 class=\"wp-block-heading\"><strong>2. Produits &amp; services<\/strong><\/h3>\n\n<p>Les produits et services offerts sont ceux qui figurent dans le catalogue publi\u00e9 dans le pr\u00e9sent site.<\/p>\n\n<p><strong>Les couleurs de l&rsquo;accompagnement<\/strong> d\u00e9cline \u00e9galement toute responsabilit\u00e9 quant aux cons\u00e9quences d&rsquo;un acte malveillant caus\u00e9 par un tiers et ayant entra\u00een\u00e9 une modification du contenu du site.<\/p>\n\n<h3 class=\"wp-block-heading\"><strong>3. Prix<\/strong><\/h3>\n\n<p>Le site \u00ab\u00a0Les couleurs de l&rsquo;accompagnement\u00a0\u00bb ne propose aucun produit \u00e0 la vente.<\/p>\n\n<h3 class=\"wp-block-heading\"><strong>4. Commande<\/strong><\/h3>\n\n<p>Le site \u00ab\u00a0Les couleurs de l&rsquo;accompagnement\u00a0\u00bb ne propose aucun produit \u00e0 la vente.<\/p>\n\n<h3 class=\"wp-block-heading\"><strong>5. Paiement<\/strong><\/h3>\n\n<p><strong>Les couleurs de l&rsquo;accompagnement<\/strong>\u00a0ne propose pas de services marchand<\/p>\n\n<h3 class=\"wp-block-heading\"><strong>6. Livraison<\/strong><\/h3>\n\n<p><strong>Les couleurs de l&rsquo;accompagnement ne propose pas de service de livraison <\/strong>.<\/p>\n\n<h3 class=\"wp-block-heading\"><strong>7. Retour<\/strong><\/h3>\n\n<p>Aucun retour n&rsquo;est possible puisque le site ne propose aucun produits \u00e0 la vente.<\/p>\n\n<h3 class=\"wp-block-heading\"><strong>8. Garantie des produits et Service Apr\u00e8s Vente<\/strong><\/h3>\n\n<h3 class=\"wp-block-heading\"><strong>9. Informations nominatives<\/strong><\/h3>\n\n<p>Dans le respect de la vie priv\u00e9e de l&rsquo;Acheteur, <strong>Les couleurs de l&rsquo;accompagnement<\/strong> s&rsquo;engage \u00e0 ce que la collecte et le traitement d&rsquo;informations personnelles, soient effectu\u00e9s au sein du site conform\u00e9ment \u00e0 la loi n\u00b078-17 du 6 janvier 1978 relative \u00e0 l&rsquo;informatique, aux fichiers et aux libert\u00e9s, dite Loi \u00ab Informatique et Libert\u00e9s \u00bb.<\/p>\n\n<p>Conform\u00e9ment \u00e0 l&rsquo;article 34 de cette m\u00eame loi,<strong>\u00a0Les couleurs de l&rsquo;accompagnement<\/strong> garantit \u00e0 l&rsquo;Acheteur un droit d&rsquo;opposition, d&rsquo;acc\u00e8s et de rectification sur les donn\u00e9es nominatives le concernant, via l&rsquo;Espace membre du site.<\/p>\n\n<h3 class=\"wp-block-heading\"><strong>10. Limite de responsabilit\u00e9<\/strong><\/h3>\n\n<p><strong>Les couleurs de l&rsquo;accompagnement<\/strong>, dans le processus de vente en ligne, n\u2019est tenu que par une obligation de moyens; sa responsabilit\u00e9 ne pourra \u00eatre engag\u00e9e pour un dommage r\u00e9sultant de l\u2019utilisation du r\u00e9seau Internet tel que perte de donn\u00e9es, intrusion, virus, rupture du service, ou autres probl\u00e8mes involontaires.<\/p>\n\n<h3 class=\"wp-block-heading\"><strong>11. Propri\u00e9t\u00e9 intellectuelle<\/strong><\/h3>\n\n<p><strong>Les couleurs de l&rsquo;accompagnement<\/strong>\u00a0est la propri\u00e9t\u00e9 de l&rsquo;association Messidor en sa totalit\u00e9, ainsi que l&rsquo;ensemble des droits y aff\u00e9rents. Toute reproduction, int\u00e9grale ou partielle, doit syst\u00e9matiquement \u00eatre soumise \u00e0 l&rsquo;autorisation des propri\u00e9taires. Toutefois, les liaisons du type hypertextes vers le site sont autoris\u00e9es sans demande sp\u00e9cifique mais l&rsquo;association Messidor d\u00e9cline toute responsabilit\u00e9 dans le cas o\u00f9 le contenu de ces sites contreviendrait aux lois et r\u00e8glements en vigueur.<\/p>\n","protected":false},"excerpt":{"rendered":"<p>Pr\u00e9ambule Les pr\u00e9sentes conditions r\u00e9gissent les relations contractuelles entre, d&rsquo;une part, www.lescouleurs.fr , ci-apr\u00e8s d\u00e9nomm\u00e9 \u00ab\u00a0Les couleurs de l&rsquo;accompagnement \u00ab\u00a0, site de commerce \u00e9lectronique d\u00e9tenu par l&rsquo;association Messidor. Conform\u00e9ment aux [&hellip;]<\/p>\n","protected":false},"author":1,"featured_media":0,"parent":0,"menu_order":0,"comment_status":"closed","ping_status":"closed","template":"","meta":{"footnotes":""},"class_list":["post-168","page","type-page","status-publish","hentry"],"yoast_head":"<!-- This site is optimized with the Yoast SEO plugin v27.4 - https:\/\/yoast.com\/product\/yoast-seo-wordpress\/ -->\n<title>Conditions d&#039;utilisation - Les couleurs<\/title>\n<meta name=\"robots\" content=\"index, follow, max-snippet:-1, max-image-preview:large, max-video-preview:-1\" \/>\n<link rel=\"canonical\" href=\"https:\/\/www.lescouleurs.fr\/fr\/conditions-dutilisation\/\" \/>\n<meta property=\"og:locale\" content=\"fr_FR\" \/>\n<meta property=\"og:type\" content=\"article\" \/>\n<meta property=\"og:title\" content=\"Conditions d&#039;utilisation - Les couleurs\" \/>\n<meta property=\"og:description\" content=\"Pr\u00e9ambule Les pr\u00e9sentes conditions r\u00e9gissent les relations contractuelles entre, d&rsquo;une part, www.lescouleurs.fr , ci-apr\u00e8s d\u00e9nomm\u00e9 \u00ab\u00a0Les couleurs de l&rsquo;accompagnement \u00ab\u00a0, site de commerce \u00e9lectronique d\u00e9tenu par l&rsquo;association Messidor. Conform\u00e9ment aux [&hellip;]\" \/>\n<meta property=\"og:url\" content=\"https:\/\/www.lescouleurs.fr\/fr\/conditions-dutilisation\/\" \/>\n<meta property=\"og:site_name\" content=\"Les couleurs\" \/>\n<meta name=\"twitter:card\" content=\"summary_large_image\" \/>\n<meta name=\"twitter:label1\" content=\"Dur\u00e9e de lecture estim\u00e9e\" \/>\n\t<meta name=\"twitter:data1\" content=\"3 minutes\" \/>\n<script type=\"application\/ld+json\" class=\"yoast-schema-graph\">{\"@context\":\"https:\\\/\\\/schema.org\",\"@graph\":[{\"@type\":\"WebPage\",\"@id\":\"https:\\\/\\\/www.lescouleurs.fr\\\/fr\\\/conditions-dutilisation\\\/\",\"url\":\"https:\\\/\\\/www.lescouleurs.fr\\\/fr\\\/conditions-dutilisation\\\/\",\"name\":\"Conditions d'utilisation - Les couleurs\",\"isPartOf\":{\"@id\":\"https:\\\/\\\/www.lescouleurs.fr\\\/fr\\\/#website\"},\"datePublished\":\"2020-08-03T13:24:48+00:00\",\"breadcrumb\":{\"@id\":\"https:\\\/\\\/www.lescouleurs.fr\\\/fr\\\/conditions-dutilisation\\\/#breadcrumb\"},\"inLanguage\":\"fr-FR\",\"potentialAction\":[{\"@type\":\"ReadAction\",\"target\":[\"https:\\\/\\\/www.lescouleurs.fr\\\/fr\\\/conditions-dutilisation\\\/\"]}]},{\"@type\":\"BreadcrumbList\",\"@id\":\"https:\\\/\\\/www.lescouleurs.fr\\\/fr\\\/conditions-dutilisation\\\/#breadcrumb\",\"itemListElement\":[{\"@type\":\"ListItem\",\"position\":1,\"name\":\"Accueil\",\"item\":\"https:\\\/\\\/www.lescouleurs.fr\\\/fr\\\/\"},{\"@type\":\"ListItem\",\"position\":2,\"name\":\"Conditions d&rsquo;utilisation\"}]},{\"@type\":\"WebSite\",\"@id\":\"https:\\\/\\\/www.lescouleurs.fr\\\/fr\\\/#website\",\"url\":\"https:\\\/\\\/www.lescouleurs.fr\\\/fr\\\/\",\"name\":\"Les couleurs\",\"description\":\"\",\"publisher\":{\"@id\":\"https:\\\/\\\/www.lescouleurs.fr\\\/fr\\\/#organization\"},\"potentialAction\":[{\"@type\":\"SearchAction\",\"target\":{\"@type\":\"EntryPoint\",\"urlTemplate\":\"https:\\\/\\\/www.lescouleurs.fr\\\/fr\\\/?s={search_term_string}\"},\"query-input\":{\"@type\":\"PropertyValueSpecification\",\"valueRequired\":true,\"valueName\":\"search_term_string\"}}],\"inLanguage\":\"fr-FR\"},{\"@type\":\"Organization\",\"@id\":\"https:\\\/\\\/www.lescouleurs.fr\\\/fr\\\/#organization\",\"name\":\"Les couleurs\",\"url\":\"https:\\\/\\\/www.lescouleurs.fr\\\/fr\\\/\",\"logo\":{\"@type\":\"ImageObject\",\"inLanguage\":\"fr-FR\",\"@id\":\"https:\\\/\\\/www.lescouleurs.fr\\\/fr\\\/#\\\/schema\\\/logo\\\/image\\\/\",\"url\":\"https:\\\/\\\/www.lescouleurs.fr\\\/fr\\\/wp-content\\\/uploads\\\/2024\\\/09\\\/logo_couleurs_2024.png\",\"contentUrl\":\"https:\\\/\\\/www.lescouleurs.fr\\\/fr\\\/wp-content\\\/uploads\\\/2024\\\/09\\\/logo_couleurs_2024.png\",\"width\":188,\"height\":92,\"caption\":\"Les couleurs\"},\"image\":{\"@id\":\"https:\\\/\\\/www.lescouleurs.fr\\\/fr\\\/#\\\/schema\\\/logo\\\/image\\\/\"}}]}<\/script>\n<!-- \/ Yoast SEO plugin. -->","yoast_head_json":{"title":"Conditions d'utilisation - Les couleurs","robots":{"index":"index","follow":"follow","max-snippet":"max-snippet:-1","max-image-preview":"max-image-preview:large","max-video-preview":"max-video-preview:-1"},"canonical":"https:\/\/www.lescouleurs.fr\/fr\/conditions-dutilisation\/","og_locale":"fr_FR","og_type":"article","og_title":"Conditions d'utilisation - Les couleurs","og_description":"Pr\u00e9ambule Les pr\u00e9sentes conditions r\u00e9gissent les relations contractuelles entre, d&rsquo;une part, www.lescouleurs.fr , ci-apr\u00e8s d\u00e9nomm\u00e9 \u00ab\u00a0Les couleurs de l&rsquo;accompagnement \u00ab\u00a0, site de commerce \u00e9lectronique d\u00e9tenu par l&rsquo;association Messidor. Conform\u00e9ment aux [&hellip;]","og_url":"https:\/\/www.lescouleurs.fr\/fr\/conditions-dutilisation\/","og_site_name":"Les couleurs","twitter_card":"summary_large_image","twitter_misc":{"Dur\u00e9e de lecture estim\u00e9e":"3 minutes"},"schema":{"@context":"https:\/\/schema.org","@graph":[{"@type":"WebPage","@id":"https:\/\/www.lescouleurs.fr\/fr\/conditions-dutilisation\/","url":"https:\/\/www.lescouleurs.fr\/fr\/conditions-dutilisation\/","name":"Conditions d'utilisation - Les couleurs","isPartOf":{"@id":"https:\/\/www.lescouleurs.fr\/fr\/#website"},"datePublished":"2020-08-03T13:24:48+00:00","breadcrumb":{"@id":"https:\/\/www.lescouleurs.fr\/fr\/conditions-dutilisation\/#breadcrumb"},"inLanguage":"fr-FR","potentialAction":[{"@type":"ReadAction","target":["https:\/\/www.lescouleurs.fr\/fr\/conditions-dutilisation\/"]}]},{"@type":"BreadcrumbList","@id":"https:\/\/www.lescouleurs.fr\/fr\/conditions-dutilisation\/#breadcrumb","itemListElement":[{"@type":"ListItem","position":1,"name":"Accueil","item":"https:\/\/www.lescouleurs.fr\/fr\/"},{"@type":"ListItem","position":2,"name":"Conditions d&rsquo;utilisation"}]},{"@type":"WebSite","@id":"https:\/\/www.lescouleurs.fr\/fr\/#website","url":"https:\/\/www.lescouleurs.fr\/fr\/","name":"Les couleurs","description":"","publisher":{"@id":"https:\/\/www.lescouleurs.fr\/fr\/#organization"},"potentialAction":[{"@type":"SearchAction","target":{"@type":"EntryPoint","urlTemplate":"https:\/\/www.lescouleurs.fr\/fr\/?s={search_term_string}"},"query-input":{"@type":"PropertyValueSpecification","valueRequired":true,"valueName":"search_term_string"}}],"inLanguage":"fr-FR"},{"@type":"Organization","@id":"https:\/\/www.lescouleurs.fr\/fr\/#organization","name":"Les couleurs","url":"https:\/\/www.lescouleurs.fr\/fr\/","logo":{"@type":"ImageObject","inLanguage":"fr-FR","@id":"https:\/\/www.lescouleurs.fr\/fr\/#\/schema\/logo\/image\/","url":"https:\/\/www.lescouleurs.fr\/fr\/wp-content\/uploads\/2024\/09\/logo_couleurs_2024.png","contentUrl":"https:\/\/www.lescouleurs.fr\/fr\/wp-content\/uploads\/2024\/09\/logo_couleurs_2024.png","width":188,"height":92,"caption":"Les couleurs"},"image":{"@id":"https:\/\/www.lescouleurs.fr\/fr\/#\/schema\/logo\/image\/"}}]}},"_links":{"self":[{"href":"https:\/\/www.lescouleurs.fr\/fr\/wp-json\/wp\/v2\/pages\/168","targetHints":{"allow":["GET"]}}],"collection":[{"href":"https:\/\/www.lescouleurs.fr\/fr\/wp-json\/wp\/v2\/pages"}],"about":[{"href":"https:\/\/www.lescouleurs.fr\/fr\/wp-json\/wp\/v2\/types\/page"}],"author":[{"embeddable":true,"href":"https:\/\/www.lescouleurs.fr\/fr\/wp-json\/wp\/v2\/users\/1"}],"replies":[{"embeddable":true,"href":"https:\/\/www.lescouleurs.fr\/fr\/wp-json\/wp\/v2\/comments?post=168"}],"version-history":[{"count":0,"href":"https:\/\/www.lescouleurs.fr\/fr\/wp-json\/wp\/v2\/pages\/168\/revisions"}],"wp:attachment":[{"href":"https:\/\/www.lescouleurs.fr\/fr\/wp-json\/wp\/v2\/media?parent=168"}],"curies":[{"name":"wp","href":"https:\/\/api.w.org\/{rel}","templated":true}]}}