{"id":1727,"date":"2024-10-07T14:22:12","date_gmt":"2024-10-07T12:22:12","guid":{"rendered":"https:\/\/www.lescouleurs.fr\/fr\/?page_id=1727"},"modified":"2024-11-07T14:37:13","modified_gmt":"2024-11-07T13:37:13","slug":"nos-actualites","status":"publish","type":"page","link":"https:\/\/www.lescouleurs.fr\/fr\/nos-actualites\/","title":{"rendered":"Nos actualit\u00e9s"},"content":{"rendered":"\n<div class=\"wp-block-columns is-layout-flex wp-container-core-columns-is-layout-9d6595d7 wp-block-columns-is-layout-flex\">\n<div class=\"wp-block-column is-layout-flow wp-block-column-is-layout-flow\"><ul class=\"wp-block-latest-posts__list is-grid columns-3 has-dates wp-block-latest-posts\"><li><div class=\"wp-block-latest-posts__featured-image aligncenter\"><img loading=\"lazy\" decoding=\"async\" width=\"150\" height=\"150\" src=\"https:\/\/www.lescouleurs.fr\/fr\/wp-content\/uploads\/2025\/05\/expo-amahc-150x150.png\" class=\"attachment-thumbnail size-thumbnail wp-post-image\" alt=\"exposition benjamin monteil\" style=\"\" \/><\/div><a class=\"wp-block-latest-posts__post-title\" href=\"https:\/\/www.lescouleurs.fr\/fr\/benjamin-monteil-exposition-club-vaise\/\">Benjamin Monteil au Club de Vaise : une exposition entre r\u00eave et m\u00e9tamorphose<\/a><time datetime=\"2025-05-21T15:57:40+02:00\" class=\"wp-block-latest-posts__post-date\">21 mai 2025<\/time><\/li>\n<li><div class=\"wp-block-latest-posts__featured-image aligncenter\"><img loading=\"lazy\" decoding=\"async\" width=\"150\" height=\"150\" src=\"https:\/\/www.lescouleurs.fr\/fr\/wp-content\/uploads\/2023\/06\/20230615_104557-2048x1536-2-150x150.jpg\" class=\"attachment-thumbnail size-thumbnail wp-post-image\" alt=\"\" style=\"\" \/><\/div><a class=\"wp-block-latest-posts__post-title\" href=\"https:\/\/www.lescouleurs.fr\/fr\/sante-mentale-vivons-ensemble-avec-nos-differences-une-emission-avec-radiola\/\">SANT\u00c9 MENTALE : VIVONS ENSEMBLE AVEC NOS DIFF\u00c9RENCES une \u00e9mission avec RADIOLA<\/a><time datetime=\"2023-06-28T09:14:11+02:00\" class=\"wp-block-latest-posts__post-date\">28 juin 2023<\/time><\/li>\n<li><div class=\"wp-block-latest-posts__featured-image aligncenter\"><img loading=\"lazy\" decoding=\"async\" width=\"150\" height=\"150\" src=\"https:\/\/www.lescouleurs.fr\/fr\/wp-content\/uploads\/2022\/06\/287314834_1930303917166554_7930769978903442669_n-150x150.jpg\" class=\"attachment-thumbnail size-thumbnail wp-post-image\" alt=\"\" style=\"\" \/><\/div><a class=\"wp-block-latest-posts__post-title\" href=\"https:\/\/www.lescouleurs.fr\/fr\/retour-sur-la-conference-du-9-juin-lart-comme-facteur-de-retablissement-sur-le-handicap-psychique\/\">Retour sur la conf\u00e9rence du 9 Juin \u00ab\u00a0L&rsquo;Art comme facteur de R\u00e9tablissement\u00a0\u00bb sur le handicap psychique<\/a><time datetime=\"2022-06-20T09:57:45+02:00\" class=\"wp-block-latest-posts__post-date\">20 juin 2022<\/time><\/li>\n<li><div class=\"wp-block-latest-posts__featured-image aligncenter\"><img loading=\"lazy\" decoding=\"async\" width=\"150\" height=\"150\" src=\"https:\/\/www.lescouleurs.fr\/fr\/wp-content\/uploads\/2022\/05\/Affiche-Conference-du-09.06.22-150x150.jpg\" class=\"attachment-thumbnail size-thumbnail wp-post-image\" alt=\"\" style=\"\" \/><\/div><a class=\"wp-block-latest-posts__post-title\" href=\"https:\/\/www.lescouleurs.fr\/fr\/9-06-conference-lart-comme-facteur-de-retablissement\/\">09.06 : conf\u00e9rence \u00ab\u00a0l&rsquo;Art comme facteur de r\u00e9tablissement\u00a0\u00bb<\/a><time datetime=\"2022-05-16T12:12:32+02:00\" class=\"wp-block-latest-posts__post-date\">16 mai 2022<\/time><\/li>\n<li><div class=\"wp-block-latest-posts__featured-image aligncenter\"><img loading=\"lazy\" decoding=\"async\" width=\"150\" height=\"150\" src=\"https:\/\/www.lescouleurs.fr\/fr\/wp-content\/uploads\/2022\/04\/20220331115454_JBO_6649-150x150.jpg\" class=\"attachment-thumbnail size-thumbnail wp-post-image\" alt=\"\" style=\"\" \/><\/div><a class=\"wp-block-latest-posts__post-title\" href=\"https:\/\/www.lescouleurs.fr\/fr\/inauguration-de-lexposition-aux-archives-departementales\/\">Inauguration de l&rsquo;exposition aux Archives D\u00e9partementales<\/a><time datetime=\"2022-05-02T10:23:57+02:00\" class=\"wp-block-latest-posts__post-date\">2 mai 2022<\/time><\/li>\n<li><div class=\"wp-block-latest-posts__featured-image aligncenter\"><img loading=\"lazy\" decoding=\"async\" width=\"150\" height=\"150\" src=\"https:\/\/www.lescouleurs.fr\/fr\/wp-content\/uploads\/2022\/04\/277524065_389526543176400_6932195739168625007_n-150x150.jpg\" class=\"attachment-thumbnail size-thumbnail wp-post-image\" alt=\"\" style=\"\" \/><\/div><a class=\"wp-block-latest-posts__post-title\" href=\"https:\/\/www.lescouleurs.fr\/fr\/exposition-aux-archives-departementales\/\">Exposition aux Archives D\u00e9partementales<\/a><time datetime=\"2022-04-28T16:01:53+02:00\" class=\"wp-block-latest-posts__post-date\">28 avril 2022<\/time><\/li>\n<li><div class=\"wp-block-latest-posts__featured-image aligncenter\"><img loading=\"lazy\" decoding=\"async\" width=\"150\" height=\"150\" src=\"https:\/\/www.lescouleurs.fr\/fr\/wp-content\/uploads\/2021\/02\/sdfgh-150x150.png\" class=\"attachment-thumbnail size-thumbnail wp-post-image\" alt=\"\" style=\"\" \/><\/div><a class=\"wp-block-latest-posts__post-title\" href=\"https:\/\/www.lescouleurs.fr\/fr\/lancement-de-lexposition-virtuelle-et-alors\/\">Lancement de l&rsquo;exposition virtuelle \u00a0\u00bb Et Alors ! \u00ab\u00a0<\/a><time datetime=\"2021-02-02T16:17:02+01:00\" class=\"wp-block-latest-posts__post-date\">2 f\u00e9vrier 2021<\/time><\/li>\n<li><div class=\"wp-block-latest-posts__featured-image aligncenter\"><img loading=\"lazy\" decoding=\"async\" width=\"150\" height=\"150\" src=\"https:\/\/www.lescouleurs.fr\/fr\/wp-content\/uploads\/2020\/09\/DSCF3532-12-06-2019-150x150.jpg\" class=\"attachment-thumbnail size-thumbnail wp-post-image\" alt=\"\" style=\"\" srcset=\"https:\/\/www.lescouleurs.fr\/fr\/wp-content\/uploads\/2020\/09\/DSCF3532-12-06-2019-150x150.jpg 150w, https:\/\/www.lescouleurs.fr\/fr\/wp-content\/uploads\/2020\/09\/DSCF3532-12-06-2019-300x300.jpg 300w, https:\/\/www.lescouleurs.fr\/fr\/wp-content\/uploads\/2020\/09\/DSCF3532-12-06-2019-1024x1024.jpg 1024w, https:\/\/www.lescouleurs.fr\/fr\/wp-content\/uploads\/2020\/09\/DSCF3532-12-06-2019-768x768.jpg 768w, https:\/\/www.lescouleurs.fr\/fr\/wp-content\/uploads\/2020\/09\/DSCF3532-12-06-2019-1536x1536.jpg 1536w, https:\/\/www.lescouleurs.fr\/fr\/wp-content\/uploads\/2020\/09\/DSCF3532-12-06-2019.jpg 2048w\" sizes=\"auto, (max-width: 150px) 100vw, 150px\" \/><\/div><a class=\"wp-block-latest-posts__post-title\" href=\"https:\/\/www.lescouleurs.fr\/fr\/psychodon-est-a-lolympia\/\">Psychodon est \u00e0 L&rsquo;Olympia !<\/a><time datetime=\"2020-09-17T14:54:23+02:00\" class=\"wp-block-latest-posts__post-date\">17 septembre 2020<\/time><\/li>\n<\/ul><\/div>\n<\/div>\n\n\n\n<div class=\"wp-block-query is-layout-flow wp-block-query-is-layout-flow\"><\/div>\n","protected":false},"excerpt":{"rendered":"","protected":false},"author":1,"featured_media":538,"parent":0,"menu_order":0,"comment_status":"closed","ping_status":"closed","template":"","meta":{"footnotes":""},"class_list":["post-1727","page","type-page","status-publish","has-post-thumbnail","hentry"],"yoast_head":"<!-- This site is optimized with the Yoast SEO plugin v27.4 - https:\/\/yoast.com\/product\/yoast-seo-wordpress\/ -->\n<title>Nos actualit\u00e9s - Les couleurs<\/title>\n<meta name=\"robots\" content=\"index, follow, max-snippet:-1, max-image-preview:large, max-video-preview:-1\" \/>\n<link rel=\"canonical\" href=\"https:\/\/www.lescouleurs.fr\/fr\/nos-actualites\/\" \/>\n<meta property=\"og:locale\" content=\"fr_FR\" \/>\n<meta property=\"og:type\" content=\"article\" \/>\n<meta property=\"og:title\" content=\"Nos actualit\u00e9s - Les couleurs\" \/>\n<meta property=\"og:url\" content=\"https:\/\/www.lescouleurs.fr\/fr\/nos-actualites\/\" \/>\n<meta property=\"og:site_name\" content=\"Les couleurs\" \/>\n<meta property=\"article:modified_time\" content=\"2024-11-07T13:37:13+00:00\" \/>\n<meta property=\"og:image\" content=\"https:\/\/www.lescouleurs.fr\/fr\/wp-content\/uploads\/2022\/04\/20220331110945_JBO_6473.jpg\" \/>\n\t<meta property=\"og:image:width\" content=\"1920\" \/>\n\t<meta property=\"og:image:height\" content=\"1280\" \/>\n\t<meta property=\"og:image:type\" content=\"image\/jpeg\" \/>\n<meta name=\"twitter:card\" content=\"summary_large_image\" \/>\n<meta name=\"twitter:label1\" content=\"Dur\u00e9e de lecture estim\u00e9e\" \/>\n\t<meta name=\"twitter:data1\" content=\"1 minute\" \/>\n<script type=\"application\/ld+json\" class=\"yoast-schema-graph\">{\"@context\":\"https:\\\/\\\/schema.org\",\"@graph\":[{\"@type\":\"WebPage\",\"@id\":\"https:\\\/\\\/www.lescouleurs.fr\\\/fr\\\/nos-actualites\\\/\",\"url\":\"https:\\\/\\\/www.lescouleurs.fr\\\/fr\\\/nos-actualites\\\/\",\"name\":\"Nos actualit\u00e9s - Les couleurs\",\"isPartOf\":{\"@id\":\"https:\\\/\\\/www.lescouleurs.fr\\\/fr\\\/#website\"},\"primaryImageOfPage\":{\"@id\":\"https:\\\/\\\/www.lescouleurs.fr\\\/fr\\\/nos-actualites\\\/#primaryimage\"},\"image\":{\"@id\":\"https:\\\/\\\/www.lescouleurs.fr\\\/fr\\\/nos-actualites\\\/#primaryimage\"},\"thumbnailUrl\":\"https:\\\/\\\/www.lescouleurs.fr\\\/fr\\\/wp-content\\\/uploads\\\/2022\\\/04\\\/20220331110945_JBO_6473.jpg\",\"datePublished\":\"2024-10-07T12:22:12+00:00\",\"dateModified\":\"2024-11-07T13:37:13+00:00\",\"breadcrumb\":{\"@id\":\"https:\\\/\\\/www.lescouleurs.fr\\\/fr\\\/nos-actualites\\\/#breadcrumb\"},\"inLanguage\":\"fr-FR\",\"potentialAction\":[{\"@type\":\"ReadAction\",\"target\":[\"https:\\\/\\\/www.lescouleurs.fr\\\/fr\\\/nos-actualites\\\/\"]}]},{\"@type\":\"ImageObject\",\"inLanguage\":\"fr-FR\",\"@id\":\"https:\\\/\\\/www.lescouleurs.fr\\\/fr\\\/nos-actualites\\\/#primaryimage\",\"url\":\"https:\\\/\\\/www.lescouleurs.fr\\\/fr\\\/wp-content\\\/uploads\\\/2022\\\/04\\\/20220331110945_JBO_6473.jpg\",\"contentUrl\":\"https:\\\/\\\/www.lescouleurs.fr\\\/fr\\\/wp-content\\\/uploads\\\/2022\\\/04\\\/20220331110945_JBO_6473.jpg\",\"width\":1920,\"height\":1280,\"caption\":\"\u00a9CD69 \u2013 Julien Bourreau\"},{\"@type\":\"BreadcrumbList\",\"@id\":\"https:\\\/\\\/www.lescouleurs.fr\\\/fr\\\/nos-actualites\\\/#breadcrumb\",\"itemListElement\":[{\"@type\":\"ListItem\",\"position\":1,\"name\":\"Accueil\",\"item\":\"https:\\\/\\\/www.lescouleurs.fr\\\/fr\\\/\"},{\"@type\":\"ListItem\",\"position\":2,\"name\":\"Nos actualit\u00e9s\"}]},{\"@type\":\"WebSite\",\"@id\":\"https:\\\/\\\/www.lescouleurs.fr\\\/fr\\\/#website\",\"url\":\"https:\\\/\\\/www.lescouleurs.fr\\\/fr\\\/\",\"name\":\"Les couleurs\",\"description\":\"\",\"publisher\":{\"@id\":\"https:\\\/\\\/www.lescouleurs.fr\\\/fr\\\/#organization\"},\"potentialAction\":[{\"@type\":\"SearchAction\",\"target\":{\"@type\":\"EntryPoint\",\"urlTemplate\":\"https:\\\/\\\/www.lescouleurs.fr\\\/fr\\\/?s={search_term_string}\"},\"query-input\":{\"@type\":\"PropertyValueSpecification\",\"valueRequired\":true,\"valueName\":\"search_term_string\"}}],\"inLanguage\":\"fr-FR\"},{\"@type\":\"Organization\",\"@id\":\"https:\\\/\\\/www.lescouleurs.fr\\\/fr\\\/#organization\",\"name\":\"Les couleurs\",\"url\":\"https:\\\/\\\/www.lescouleurs.fr\\\/fr\\\/\",\"logo\":{\"@type\":\"ImageObject\",\"inLanguage\":\"fr-FR\",\"@id\":\"https:\\\/\\\/www.lescouleurs.fr\\\/fr\\\/#\\\/schema\\\/logo\\\/image\\\/\",\"url\":\"https:\\\/\\\/www.lescouleurs.fr\\\/fr\\\/wp-content\\\/uploads\\\/2024\\\/09\\\/logo_couleurs_2024.png\",\"contentUrl\":\"https:\\\/\\\/www.lescouleurs.fr\\\/fr\\\/wp-content\\\/uploads\\\/2024\\\/09\\\/logo_couleurs_2024.png\",\"width\":188,\"height\":92,\"caption\":\"Les couleurs\"},\"image\":{\"@id\":\"https:\\\/\\\/www.lescouleurs.fr\\\/fr\\\/#\\\/schema\\\/logo\\\/image\\\/\"}}]}<\/script>\n<!-- \/ Yoast SEO plugin. -->","yoast_head_json":{"title":"Nos actualit\u00e9s - Les couleurs","robots":{"index":"index","follow":"follow","max-snippet":"max-snippet:-1","max-image-preview":"max-image-preview:large","max-video-preview":"max-video-preview:-1"},"canonical":"https:\/\/www.lescouleurs.fr\/fr\/nos-actualites\/","og_locale":"fr_FR","og_type":"article","og_title":"Nos actualit\u00e9s - Les couleurs","og_url":"https:\/\/www.lescouleurs.fr\/fr\/nos-actualites\/","og_site_name":"Les couleurs","article_modified_time":"2024-11-07T13:37:13+00:00","og_image":[{"width":1920,"height":1280,"url":"https:\/\/www.lescouleurs.fr\/fr\/wp-content\/uploads\/2022\/04\/20220331110945_JBO_6473.jpg","type":"image\/jpeg"}],"twitter_card":"summary_large_image","twitter_misc":{"Dur\u00e9e de lecture estim\u00e9e":"1 minute"},"schema":{"@context":"https:\/\/schema.org","@graph":[{"@type":"WebPage","@id":"https:\/\/www.lescouleurs.fr\/fr\/nos-actualites\/","url":"https:\/\/www.lescouleurs.fr\/fr\/nos-actualites\/","name":"Nos actualit\u00e9s - Les couleurs","isPartOf":{"@id":"https:\/\/www.lescouleurs.fr\/fr\/#website"},"primaryImageOfPage":{"@id":"https:\/\/www.lescouleurs.fr\/fr\/nos-actualites\/#primaryimage"},"image":{"@id":"https:\/\/www.lescouleurs.fr\/fr\/nos-actualites\/#primaryimage"},"thumbnailUrl":"https:\/\/www.lescouleurs.fr\/fr\/wp-content\/uploads\/2022\/04\/20220331110945_JBO_6473.jpg","datePublished":"2024-10-07T12:22:12+00:00","dateModified":"2024-11-07T13:37:13+00:00","breadcrumb":{"@id":"https:\/\/www.lescouleurs.fr\/fr\/nos-actualites\/#breadcrumb"},"inLanguage":"fr-FR","potentialAction":[{"@type":"ReadAction","target":["https:\/\/www.lescouleurs.fr\/fr\/nos-actualites\/"]}]},{"@type":"ImageObject","inLanguage":"fr-FR","@id":"https:\/\/www.lescouleurs.fr\/fr\/nos-actualites\/#primaryimage","url":"https:\/\/www.lescouleurs.fr\/fr\/wp-content\/uploads\/2022\/04\/20220331110945_JBO_6473.jpg","contentUrl":"https:\/\/www.lescouleurs.fr\/fr\/wp-content\/uploads\/2022\/04\/20220331110945_JBO_6473.jpg","width":1920,"height":1280,"caption":"\u00a9CD69 \u2013 Julien Bourreau"},{"@type":"BreadcrumbList","@id":"https:\/\/www.lescouleurs.fr\/fr\/nos-actualites\/#breadcrumb","itemListElement":[{"@type":"ListItem","position":1,"name":"Accueil","item":"https:\/\/www.lescouleurs.fr\/fr\/"},{"@type":"ListItem","position":2,"name":"Nos actualit\u00e9s"}]},{"@type":"WebSite","@id":"https:\/\/www.lescouleurs.fr\/fr\/#website","url":"https:\/\/www.lescouleurs.fr\/fr\/","name":"Les couleurs","description":"","publisher":{"@id":"https:\/\/www.lescouleurs.fr\/fr\/#organization"},"potentialAction":[{"@type":"SearchAction","target":{"@type":"EntryPoint","urlTemplate":"https:\/\/www.lescouleurs.fr\/fr\/?s={search_term_string}"},"query-input":{"@type":"PropertyValueSpecification","valueRequired":true,"valueName":"search_term_string"}}],"inLanguage":"fr-FR"},{"@type":"Organization","@id":"https:\/\/www.lescouleurs.fr\/fr\/#organization","name":"Les couleurs","url":"https:\/\/www.lescouleurs.fr\/fr\/","logo":{"@type":"ImageObject","inLanguage":"fr-FR","@id":"https:\/\/www.lescouleurs.fr\/fr\/#\/schema\/logo\/image\/","url":"https:\/\/www.lescouleurs.fr\/fr\/wp-content\/uploads\/2024\/09\/logo_couleurs_2024.png","contentUrl":"https:\/\/www.lescouleurs.fr\/fr\/wp-content\/uploads\/2024\/09\/logo_couleurs_2024.png","width":188,"height":92,"caption":"Les couleurs"},"image":{"@id":"https:\/\/www.lescouleurs.fr\/fr\/#\/schema\/logo\/image\/"}}]}},"_links":{"self":[{"href":"https:\/\/www.lescouleurs.fr\/fr\/wp-json\/wp\/v2\/pages\/1727","targetHints":{"allow":["GET"]}}],"collection":[{"href":"https:\/\/www.lescouleurs.fr\/fr\/wp-json\/wp\/v2\/pages"}],"about":[{"href":"https:\/\/www.lescouleurs.fr\/fr\/wp-json\/wp\/v2\/types\/page"}],"author":[{"embeddable":true,"href":"https:\/\/www.lescouleurs.fr\/fr\/wp-json\/wp\/v2\/users\/1"}],"replies":[{"embeddable":true,"href":"https:\/\/www.lescouleurs.fr\/fr\/wp-json\/wp\/v2\/comments?post=1727"}],"version-history":[{"count":3,"href":"https:\/\/www.lescouleurs.fr\/fr\/wp-json\/wp\/v2\/pages\/1727\/revisions"}],"predecessor-version":[{"id":1839,"href":"https:\/\/www.lescouleurs.fr\/fr\/wp-json\/wp\/v2\/pages\/1727\/revisions\/1839"}],"wp:featuredmedia":[{"embeddable":true,"href":"https:\/\/www.lescouleurs.fr\/fr\/wp-json\/wp\/v2\/media\/538"}],"wp:attachment":[{"href":"https:\/\/www.lescouleurs.fr\/fr\/wp-json\/wp\/v2\/media?parent=1727"}],"curies":[{"name":"wp","href":"https:\/\/api.w.org\/{rel}","templated":true}]}}