{"id":1852,"date":"2025-01-02T14:27:07","date_gmt":"2025-01-02T13:27:07","guid":{"rendered":"https:\/\/www.lescouleurs.fr\/fr\/?page_id=1852"},"modified":"2025-01-02T15:08:19","modified_gmt":"2025-01-02T14:08:19","slug":"le-guide-comment-integrer-un-travailleur-pair-dans-une-equipe-de-sante-mentale-ou-du-medico-social","status":"publish","type":"page","link":"https:\/\/www.lescouleurs.fr\/fr\/le-guide-comment-integrer-un-travailleur-pair-dans-une-equipe-de-sante-mentale-ou-du-medico-social\/","title":{"rendered":"Le guide \u00ab\u00a0Comment int\u00e9grer un travailleur pair dans une \u00e9quipe de sant\u00e9 mentale ou du m\u00e9dico-social ?"},"content":{"rendered":"\n<div style=\"height:100px\" aria-hidden=\"true\" class=\"wp-block-spacer\"><\/div>\n\n\n\n<div class=\"wp-block-columns is-layout-flex wp-container-core-columns-is-layout-9d6595d7 wp-block-columns-is-layout-flex\">\n<div class=\"wp-block-column is-layout-flow wp-block-column-is-layout-flow\">\n<div class=\"wp-block-buttons is-content-justification-center is-layout-flex wp-container-core-buttons-is-layout-16018d1d wp-block-buttons-is-layout-flex\">\n<div class=\"wp-block-button\"><a class=\"wp-block-button__link wp-element-button\" href=\"https:\/\/www.lescouleurs.fr\/fr\/wp-content\/uploads\/2025\/01\/Maquette-Plaquette-Comment-integrer.pdf\">TELECHARGER<\/a><\/div>\n<\/div>\n<\/div>\n\n\n\n<div class=\"wp-block-column is-layout-flow wp-block-column-is-layout-flow\">\n<div class=\"wp-block-buttons is-content-justification-center is-layout-flex wp-container-core-buttons-is-layout-16018d1d wp-block-buttons-is-layout-flex\">\n<div class=\"wp-block-button is-style-fill\"><a class=\"wp-block-button__link wp-element-button\" href=\"https:\/\/flipbookpdf.net\/web\/site\/4a3edc06e400b497e293d8756146cbe533807e28202501.pdf.html\">LIRE<\/a><\/div>\n<\/div>\n<\/div>\n<\/div>\n\n\n\n<pre class=\"wp-block-code\"><code><\/code><\/pre>\n","protected":false},"excerpt":{"rendered":"","protected":false},"author":1,"featured_media":1863,"parent":0,"menu_order":0,"comment_status":"closed","ping_status":"closed","template":"","meta":{"footnotes":""},"class_list":["post-1852","page","type-page","status-publish","has-post-thumbnail","hentry"],"yoast_head":"<!-- This site is optimized with the Yoast SEO plugin v27.3 - https:\/\/yoast.com\/product\/yoast-seo-wordpress\/ -->\n<title>Le guide &quot;Comment int\u00e9grer un travailleur pair dans une \u00e9quipe de sant\u00e9 mentale ou du m\u00e9dico-social ? - Les couleurs<\/title>\n<meta name=\"robots\" content=\"index, follow, max-snippet:-1, max-image-preview:large, max-video-preview:-1\" \/>\n<link rel=\"canonical\" href=\"https:\/\/www.lescouleurs.fr\/fr\/le-guide-comment-integrer-un-travailleur-pair-dans-une-equipe-de-sante-mentale-ou-du-medico-social\/\" \/>\n<meta property=\"og:locale\" content=\"fr_FR\" \/>\n<meta property=\"og:type\" content=\"article\" \/>\n<meta property=\"og:title\" content=\"Le guide &quot;Comment int\u00e9grer un travailleur pair dans une \u00e9quipe de sant\u00e9 mentale ou du m\u00e9dico-social ? - Les couleurs\" \/>\n<meta property=\"og:url\" content=\"https:\/\/www.lescouleurs.fr\/fr\/le-guide-comment-integrer-un-travailleur-pair-dans-une-equipe-de-sante-mentale-ou-du-medico-social\/\" \/>\n<meta property=\"og:site_name\" content=\"Les couleurs\" \/>\n<meta property=\"article:modified_time\" content=\"2025-01-02T14:08:19+00:00\" \/>\n<meta property=\"og:image\" content=\"https:\/\/www.lescouleurs.fr\/fr\/wp-content\/uploads\/2025\/01\/Capture-decran-2025-01-02-150021.png\" \/>\n\t<meta property=\"og:image:width\" content=\"666\" \/>\n\t<meta property=\"og:image:height\" content=\"307\" \/>\n\t<meta property=\"og:image:type\" content=\"image\/png\" \/>\n<meta name=\"twitter:card\" content=\"summary_large_image\" \/>\n<meta name=\"twitter:label1\" content=\"Dur\u00e9e de lecture estim\u00e9e\" \/>\n\t<meta name=\"twitter:data1\" content=\"1 minute\" \/>\n<script type=\"application\/ld+json\" class=\"yoast-schema-graph\">{\"@context\":\"https:\\\/\\\/schema.org\",\"@graph\":[{\"@type\":\"WebPage\",\"@id\":\"https:\\\/\\\/www.lescouleurs.fr\\\/fr\\\/le-guide-comment-integrer-un-travailleur-pair-dans-une-equipe-de-sante-mentale-ou-du-medico-social\\\/\",\"url\":\"https:\\\/\\\/www.lescouleurs.fr\\\/fr\\\/le-guide-comment-integrer-un-travailleur-pair-dans-une-equipe-de-sante-mentale-ou-du-medico-social\\\/\",\"name\":\"Le guide \\\"Comment int\u00e9grer un travailleur pair dans une \u00e9quipe de sant\u00e9 mentale ou du m\u00e9dico-social ? - Les couleurs\",\"isPartOf\":{\"@id\":\"https:\\\/\\\/www.lescouleurs.fr\\\/fr\\\/#website\"},\"primaryImageOfPage\":{\"@id\":\"https:\\\/\\\/www.lescouleurs.fr\\\/fr\\\/le-guide-comment-integrer-un-travailleur-pair-dans-une-equipe-de-sante-mentale-ou-du-medico-social\\\/#primaryimage\"},\"image\":{\"@id\":\"https:\\\/\\\/www.lescouleurs.fr\\\/fr\\\/le-guide-comment-integrer-un-travailleur-pair-dans-une-equipe-de-sante-mentale-ou-du-medico-social\\\/#primaryimage\"},\"thumbnailUrl\":\"https:\\\/\\\/www.lescouleurs.fr\\\/fr\\\/wp-content\\\/uploads\\\/2025\\\/01\\\/Capture-decran-2025-01-02-150021.png\",\"datePublished\":\"2025-01-02T13:27:07+00:00\",\"dateModified\":\"2025-01-02T14:08:19+00:00\",\"breadcrumb\":{\"@id\":\"https:\\\/\\\/www.lescouleurs.fr\\\/fr\\\/le-guide-comment-integrer-un-travailleur-pair-dans-une-equipe-de-sante-mentale-ou-du-medico-social\\\/#breadcrumb\"},\"inLanguage\":\"fr-FR\",\"potentialAction\":[{\"@type\":\"ReadAction\",\"target\":[\"https:\\\/\\\/www.lescouleurs.fr\\\/fr\\\/le-guide-comment-integrer-un-travailleur-pair-dans-une-equipe-de-sante-mentale-ou-du-medico-social\\\/\"]}]},{\"@type\":\"ImageObject\",\"inLanguage\":\"fr-FR\",\"@id\":\"https:\\\/\\\/www.lescouleurs.fr\\\/fr\\\/le-guide-comment-integrer-un-travailleur-pair-dans-une-equipe-de-sante-mentale-ou-du-medico-social\\\/#primaryimage\",\"url\":\"https:\\\/\\\/www.lescouleurs.fr\\\/fr\\\/wp-content\\\/uploads\\\/2025\\\/01\\\/Capture-decran-2025-01-02-150021.png\",\"contentUrl\":\"https:\\\/\\\/www.lescouleurs.fr\\\/fr\\\/wp-content\\\/uploads\\\/2025\\\/01\\\/Capture-decran-2025-01-02-150021.png\",\"width\":666,\"height\":307},{\"@type\":\"BreadcrumbList\",\"@id\":\"https:\\\/\\\/www.lescouleurs.fr\\\/fr\\\/le-guide-comment-integrer-un-travailleur-pair-dans-une-equipe-de-sante-mentale-ou-du-medico-social\\\/#breadcrumb\",\"itemListElement\":[{\"@type\":\"ListItem\",\"position\":1,\"name\":\"Accueil\",\"item\":\"https:\\\/\\\/www.lescouleurs.fr\\\/fr\\\/\"},{\"@type\":\"ListItem\",\"position\":2,\"name\":\"Le guide \u00ab\u00a0Comment int\u00e9grer un travailleur pair dans une \u00e9quipe de sant\u00e9 mentale ou du m\u00e9dico-social ?\"}]},{\"@type\":\"WebSite\",\"@id\":\"https:\\\/\\\/www.lescouleurs.fr\\\/fr\\\/#website\",\"url\":\"https:\\\/\\\/www.lescouleurs.fr\\\/fr\\\/\",\"name\":\"Les couleurs\",\"description\":\"\",\"publisher\":{\"@id\":\"https:\\\/\\\/www.lescouleurs.fr\\\/fr\\\/#organization\"},\"potentialAction\":[{\"@type\":\"SearchAction\",\"target\":{\"@type\":\"EntryPoint\",\"urlTemplate\":\"https:\\\/\\\/www.lescouleurs.fr\\\/fr\\\/?s={search_term_string}\"},\"query-input\":{\"@type\":\"PropertyValueSpecification\",\"valueRequired\":true,\"valueName\":\"search_term_string\"}}],\"inLanguage\":\"fr-FR\"},{\"@type\":\"Organization\",\"@id\":\"https:\\\/\\\/www.lescouleurs.fr\\\/fr\\\/#organization\",\"name\":\"Les couleurs\",\"url\":\"https:\\\/\\\/www.lescouleurs.fr\\\/fr\\\/\",\"logo\":{\"@type\":\"ImageObject\",\"inLanguage\":\"fr-FR\",\"@id\":\"https:\\\/\\\/www.lescouleurs.fr\\\/fr\\\/#\\\/schema\\\/logo\\\/image\\\/\",\"url\":\"https:\\\/\\\/www.lescouleurs.fr\\\/fr\\\/wp-content\\\/uploads\\\/2024\\\/09\\\/logo_couleurs_2024.png\",\"contentUrl\":\"https:\\\/\\\/www.lescouleurs.fr\\\/fr\\\/wp-content\\\/uploads\\\/2024\\\/09\\\/logo_couleurs_2024.png\",\"width\":188,\"height\":92,\"caption\":\"Les couleurs\"},\"image\":{\"@id\":\"https:\\\/\\\/www.lescouleurs.fr\\\/fr\\\/#\\\/schema\\\/logo\\\/image\\\/\"}}]}<\/script>\n<!-- \/ Yoast SEO plugin. -->","yoast_head_json":{"title":"Le guide \"Comment int\u00e9grer un travailleur pair dans une \u00e9quipe de sant\u00e9 mentale ou du m\u00e9dico-social ? - Les couleurs","robots":{"index":"index","follow":"follow","max-snippet":"max-snippet:-1","max-image-preview":"max-image-preview:large","max-video-preview":"max-video-preview:-1"},"canonical":"https:\/\/www.lescouleurs.fr\/fr\/le-guide-comment-integrer-un-travailleur-pair-dans-une-equipe-de-sante-mentale-ou-du-medico-social\/","og_locale":"fr_FR","og_type":"article","og_title":"Le guide \"Comment int\u00e9grer un travailleur pair dans une \u00e9quipe de sant\u00e9 mentale ou du m\u00e9dico-social ? - Les couleurs","og_url":"https:\/\/www.lescouleurs.fr\/fr\/le-guide-comment-integrer-un-travailleur-pair-dans-une-equipe-de-sante-mentale-ou-du-medico-social\/","og_site_name":"Les couleurs","article_modified_time":"2025-01-02T14:08:19+00:00","og_image":[{"width":666,"height":307,"url":"https:\/\/www.lescouleurs.fr\/fr\/wp-content\/uploads\/2025\/01\/Capture-decran-2025-01-02-150021.png","type":"image\/png"}],"twitter_card":"summary_large_image","twitter_misc":{"Dur\u00e9e de lecture estim\u00e9e":"1 minute"},"schema":{"@context":"https:\/\/schema.org","@graph":[{"@type":"WebPage","@id":"https:\/\/www.lescouleurs.fr\/fr\/le-guide-comment-integrer-un-travailleur-pair-dans-une-equipe-de-sante-mentale-ou-du-medico-social\/","url":"https:\/\/www.lescouleurs.fr\/fr\/le-guide-comment-integrer-un-travailleur-pair-dans-une-equipe-de-sante-mentale-ou-du-medico-social\/","name":"Le guide \"Comment int\u00e9grer un travailleur pair dans une \u00e9quipe de sant\u00e9 mentale ou du m\u00e9dico-social ? - Les couleurs","isPartOf":{"@id":"https:\/\/www.lescouleurs.fr\/fr\/#website"},"primaryImageOfPage":{"@id":"https:\/\/www.lescouleurs.fr\/fr\/le-guide-comment-integrer-un-travailleur-pair-dans-une-equipe-de-sante-mentale-ou-du-medico-social\/#primaryimage"},"image":{"@id":"https:\/\/www.lescouleurs.fr\/fr\/le-guide-comment-integrer-un-travailleur-pair-dans-une-equipe-de-sante-mentale-ou-du-medico-social\/#primaryimage"},"thumbnailUrl":"https:\/\/www.lescouleurs.fr\/fr\/wp-content\/uploads\/2025\/01\/Capture-decran-2025-01-02-150021.png","datePublished":"2025-01-02T13:27:07+00:00","dateModified":"2025-01-02T14:08:19+00:00","breadcrumb":{"@id":"https:\/\/www.lescouleurs.fr\/fr\/le-guide-comment-integrer-un-travailleur-pair-dans-une-equipe-de-sante-mentale-ou-du-medico-social\/#breadcrumb"},"inLanguage":"fr-FR","potentialAction":[{"@type":"ReadAction","target":["https:\/\/www.lescouleurs.fr\/fr\/le-guide-comment-integrer-un-travailleur-pair-dans-une-equipe-de-sante-mentale-ou-du-medico-social\/"]}]},{"@type":"ImageObject","inLanguage":"fr-FR","@id":"https:\/\/www.lescouleurs.fr\/fr\/le-guide-comment-integrer-un-travailleur-pair-dans-une-equipe-de-sante-mentale-ou-du-medico-social\/#primaryimage","url":"https:\/\/www.lescouleurs.fr\/fr\/wp-content\/uploads\/2025\/01\/Capture-decran-2025-01-02-150021.png","contentUrl":"https:\/\/www.lescouleurs.fr\/fr\/wp-content\/uploads\/2025\/01\/Capture-decran-2025-01-02-150021.png","width":666,"height":307},{"@type":"BreadcrumbList","@id":"https:\/\/www.lescouleurs.fr\/fr\/le-guide-comment-integrer-un-travailleur-pair-dans-une-equipe-de-sante-mentale-ou-du-medico-social\/#breadcrumb","itemListElement":[{"@type":"ListItem","position":1,"name":"Accueil","item":"https:\/\/www.lescouleurs.fr\/fr\/"},{"@type":"ListItem","position":2,"name":"Le guide \u00ab\u00a0Comment int\u00e9grer un travailleur pair dans une \u00e9quipe de sant\u00e9 mentale ou du m\u00e9dico-social ?"}]},{"@type":"WebSite","@id":"https:\/\/www.lescouleurs.fr\/fr\/#website","url":"https:\/\/www.lescouleurs.fr\/fr\/","name":"Les couleurs","description":"","publisher":{"@id":"https:\/\/www.lescouleurs.fr\/fr\/#organization"},"potentialAction":[{"@type":"SearchAction","target":{"@type":"EntryPoint","urlTemplate":"https:\/\/www.lescouleurs.fr\/fr\/?s={search_term_string}"},"query-input":{"@type":"PropertyValueSpecification","valueRequired":true,"valueName":"search_term_string"}}],"inLanguage":"fr-FR"},{"@type":"Organization","@id":"https:\/\/www.lescouleurs.fr\/fr\/#organization","name":"Les couleurs","url":"https:\/\/www.lescouleurs.fr\/fr\/","logo":{"@type":"ImageObject","inLanguage":"fr-FR","@id":"https:\/\/www.lescouleurs.fr\/fr\/#\/schema\/logo\/image\/","url":"https:\/\/www.lescouleurs.fr\/fr\/wp-content\/uploads\/2024\/09\/logo_couleurs_2024.png","contentUrl":"https:\/\/www.lescouleurs.fr\/fr\/wp-content\/uploads\/2024\/09\/logo_couleurs_2024.png","width":188,"height":92,"caption":"Les couleurs"},"image":{"@id":"https:\/\/www.lescouleurs.fr\/fr\/#\/schema\/logo\/image\/"}}]}},"_links":{"self":[{"href":"https:\/\/www.lescouleurs.fr\/fr\/wp-json\/wp\/v2\/pages\/1852","targetHints":{"allow":["GET"]}}],"collection":[{"href":"https:\/\/www.lescouleurs.fr\/fr\/wp-json\/wp\/v2\/pages"}],"about":[{"href":"https:\/\/www.lescouleurs.fr\/fr\/wp-json\/wp\/v2\/types\/page"}],"author":[{"embeddable":true,"href":"https:\/\/www.lescouleurs.fr\/fr\/wp-json\/wp\/v2\/users\/1"}],"replies":[{"embeddable":true,"href":"https:\/\/www.lescouleurs.fr\/fr\/wp-json\/wp\/v2\/comments?post=1852"}],"version-history":[{"count":3,"href":"https:\/\/www.lescouleurs.fr\/fr\/wp-json\/wp\/v2\/pages\/1852\/revisions"}],"predecessor-version":[{"id":1866,"href":"https:\/\/www.lescouleurs.fr\/fr\/wp-json\/wp\/v2\/pages\/1852\/revisions\/1866"}],"wp:featuredmedia":[{"embeddable":true,"href":"https:\/\/www.lescouleurs.fr\/fr\/wp-json\/wp\/v2\/media\/1863"}],"wp:attachment":[{"href":"https:\/\/www.lescouleurs.fr\/fr\/wp-json\/wp\/v2\/media?parent=1852"}],"curies":[{"name":"wp","href":"https:\/\/api.w.org\/{rel}","templated":true}]}}