{"id":90,"date":"2020-07-29T15:56:52","date_gmt":"2020-07-29T13:56:52","guid":{"rendered":"http:\/\/lescouu.cluster028.hosting.ovh.net\/?page_id=90"},"modified":"2024-10-16T11:29:00","modified_gmt":"2024-10-16T09:29:00","slug":"le-handicap-psychique-saffiche-avec-la-campagne-et-alors","status":"publish","type":"page","link":"https:\/\/www.lescouleurs.fr\/fr\/le-handicap-psychique-saffiche-avec-la-campagne-et-alors\/","title":{"rendered":"LE HANDICAP PSYCHIQUE S&rsquo;AFFICHE AVEC LA CAMPAGNE ET ALORS !"},"content":{"rendered":"\n\n\n<div class=\"wp-block-cover alignfull is-light\" style=\"min-height:460px;aspect-ratio:unset;\"><span aria-hidden=\"true\" class=\"wp-block-cover__background has-background-dim-100 has-background-dim\" style=\"background-color:#ffffff\"><\/span><div class=\"wp-block-cover__inner-container is-layout-flow wp-block-cover-is-layout-flow\">\n<div class=\"wp-block-media-text alignwide is-stacked-on-mobile is-vertically-aligned-center is-image-fill\" style=\"grid-template-columns:56% auto\"><figure class=\"wp-block-media-text__media\" style=\"background-image:url(https:\/\/www.lescouleurs.fr\/fr\/wp-content\/uploads\/2022\/05\/Metro-1-1024x577.jpg);background-position:50% 50%\"><img loading=\"lazy\" decoding=\"async\" width=\"1024\" height=\"577\" src=\"https:\/\/www.lescouleurs.fr\/fr\/wp-content\/uploads\/2022\/05\/Metro-1-1024x577.jpg\" alt=\"\" class=\"wp-image-1383 size-full\" srcset=\"https:\/\/www.lescouleurs.fr\/fr\/wp-content\/uploads\/2022\/05\/Metro-1-1024x577.jpg 1024w, https:\/\/www.lescouleurs.fr\/fr\/wp-content\/uploads\/2022\/05\/Metro-1-300x169.jpg 300w, https:\/\/www.lescouleurs.fr\/fr\/wp-content\/uploads\/2022\/05\/Metro-1-768x433.jpg 768w, https:\/\/www.lescouleurs.fr\/fr\/wp-content\/uploads\/2022\/05\/Metro-1-1536x866.jpg 1536w, https:\/\/www.lescouleurs.fr\/fr\/wp-content\/uploads\/2022\/05\/Metro-1.jpg 1632w\" sizes=\"auto, (max-width: 1024px) 100vw, 1024px\" \/><\/figure><div class=\"wp-block-media-text__content\">\n<h2 class=\"wp-block-heading has-text-color\" style=\"color:#000000;font-size:32px\"><strong>Pourquoi ce projet ?<\/strong><\/h2>\n\n\n\n<p class=\"has-text-color\" style=\"color:#000000;font-size:17px\">La maladie psychique continue \u00e0 faire peur, de m\u00eame que ceux qui en souffrent. En pr\u00e9sentant des vies et des apparences semblables aux n\u00f4tres, nous touchons le grand public (d\u00e9stigmatisation) ainsi que les personnes qui n&rsquo;osent pas toujours parler de leur maladie (d\u00e9dramatisation).<\/p>\n<\/div><\/div>\n\n\n\n<div style=\"height:100px\" aria-hidden=\"true\" class=\"wp-block-spacer\"><\/div>\n\n\n\n<div class=\"wp-block-media-text alignwide has-media-on-the-right is-stacked-on-mobile is-vertically-aligned-center is-image-fill\" style=\"grid-template-columns:auto 56%\"><div class=\"wp-block-media-text__content\">\n<h2 class=\"wp-block-heading has-text-color\" style=\"color:#000000;font-size:32px\"><strong>Objectifs<\/strong><\/h2>\n\n\n\n<p class=\"has-text-color\" style=\"color:#000000;font-size:17px\">Lutter contre la stigmatisation des personnes en situation de handicap psychique en proposant un autre regard sur elles que celui qui se limite souvent \u00e0 leur seule maladie Lutter contre la dramatisation de la maladie par les personnes qui s&rsquo;isolent et refusent le recours aux prestations \u00ab\u00a0stigmatisantes\u00a0\u00bb Favoriser les partenariats entre usagers, familles, professionnels du soin et du m\u00e9dico-social Mieux faire connaitre les couleurs de l&rsquo;accompagnement et les associations parties prenantes ainsi que les services analogues propos\u00e9s par d&rsquo;autres \u00e9tablissements partenaires<\/p>\n<\/div><figure class=\"wp-block-media-text__media\" style=\"background-image:url(https:\/\/www.lescouleurs.fr\/fr\/wp-content\/uploads\/2022\/05\/P1100178-scaled-1-768x1024.jpg);background-position:50% 50%\"><img loading=\"lazy\" decoding=\"async\" width=\"768\" height=\"1024\" src=\"https:\/\/www.lescouleurs.fr\/fr\/wp-content\/uploads\/2022\/05\/P1100178-scaled-1-768x1024.jpg\" alt=\"\" class=\"wp-image-1381 size-full\" srcset=\"https:\/\/www.lescouleurs.fr\/fr\/wp-content\/uploads\/2022\/05\/P1100178-scaled-1-768x1024.jpg 768w, https:\/\/www.lescouleurs.fr\/fr\/wp-content\/uploads\/2022\/05\/P1100178-scaled-1-225x300.jpg 225w, https:\/\/www.lescouleurs.fr\/fr\/wp-content\/uploads\/2022\/05\/P1100178-scaled-1.jpg 1920w\" sizes=\"auto, (max-width: 768px) 100vw, 768px\" \/><\/figure><\/div>\n\n\n\n<div style=\"height:100px\" aria-hidden=\"true\" class=\"wp-block-spacer\"><\/div>\n\n\n\n<div class=\"wp-block-media-text alignwide is-stacked-on-mobile is-vertically-aligned-center is-image-fill\" style=\"grid-template-columns:56% auto\"><figure class=\"wp-block-media-text__media\" style=\"background-image:url(https:\/\/www.lescouleurs.fr\/fr\/wp-content\/uploads\/2022\/05\/20170412_105332-scaled-1-1024x768.jpg);background-position:50% 50%\"><img loading=\"lazy\" decoding=\"async\" width=\"1024\" height=\"768\" src=\"https:\/\/www.lescouleurs.fr\/fr\/wp-content\/uploads\/2022\/05\/20170412_105332-scaled-1-1024x768.jpg\" alt=\"\" class=\"wp-image-1160 size-full\" srcset=\"https:\/\/www.lescouleurs.fr\/fr\/wp-content\/uploads\/2022\/05\/20170412_105332-scaled-1-1024x768.jpg 1024w, https:\/\/www.lescouleurs.fr\/fr\/wp-content\/uploads\/2022\/05\/20170412_105332-scaled-1-300x225.jpg 300w, https:\/\/www.lescouleurs.fr\/fr\/wp-content\/uploads\/2022\/05\/20170412_105332-scaled-1-768x576.jpg 768w, https:\/\/www.lescouleurs.fr\/fr\/wp-content\/uploads\/2022\/05\/20170412_105332-scaled-1-1536x1152.jpg 1536w, https:\/\/www.lescouleurs.fr\/fr\/wp-content\/uploads\/2022\/05\/20170412_105332-scaled-1-2048x1536.jpg 2048w\" sizes=\"auto, (max-width: 1024px) 100vw, 1024px\" \/><\/figure><div class=\"wp-block-media-text__content\">\n<h2 class=\"wp-block-heading has-text-color\" style=\"color:#000000;font-size:32px\"><strong>Nos outils<\/strong><\/h2>\n\n\n\n<p class=\"has-text-color\" style=\"color:#000000;font-size:17px\">Affiches de sensibilisation, clips vid\u00e9os et exposition d&rsquo;illustrations ; nous mettons \u00e0 disposition de nombreux supports de communication afin de permettre \u00e0 toutes les structures accueillant du public d&rsquo;afficher les couleurs de notre campagne \u00ab\u00a0ET ALORS\u00a0\u00bb.<\/p>\n<\/div><\/div>\n<\/div><\/div>\n\n\n\n<div style=\"height:100px\" aria-hidden=\"true\" class=\"wp-block-spacer\"><\/div>\n\n\n\n<h3 class=\"wp-block-heading\">LES AFFICHES DE LA CAMPAGNE ET ALORS !<\/h3>\n\n\n\n<figure class=\"wp-block-gallery has-nested-images columns-default is-cropped wp-block-gallery-1 is-layout-flex wp-block-gallery-is-layout-flex\">\n<figure class=\"wp-block-image size-large\"><img loading=\"lazy\" decoding=\"async\" width=\"247\" height=\"350\" data-id=\"98\" src=\"https:\/\/www.lescouleurs.fr\/fr\/wp-content\/uploads\/2020\/07\/Affiche-Logement-A2.jpg\" alt=\"\" class=\"wp-image-98\" srcset=\"https:\/\/www.lescouleurs.fr\/fr\/wp-content\/uploads\/2020\/07\/Affiche-Logement-A2.jpg 247w, https:\/\/www.lescouleurs.fr\/fr\/wp-content\/uploads\/2020\/07\/Affiche-Logement-A2-212x300.jpg 212w\" sizes=\"auto, (max-width: 247px) 100vw, 247px\" \/><\/figure>\n\n\n\n<figure class=\"wp-block-image size-large\"><img loading=\"lazy\" decoding=\"async\" width=\"247\" height=\"350\" data-id=\"97\" src=\"https:\/\/www.lescouleurs.fr\/fr\/wp-content\/uploads\/2020\/07\/Affiche-foot-A2.jpg\" alt=\"\" class=\"wp-image-97\" srcset=\"https:\/\/www.lescouleurs.fr\/fr\/wp-content\/uploads\/2020\/07\/Affiche-foot-A2.jpg 247w, https:\/\/www.lescouleurs.fr\/fr\/wp-content\/uploads\/2020\/07\/Affiche-foot-A2-212x300.jpg 212w\" sizes=\"auto, (max-width: 247px) 100vw, 247px\" \/><\/figure>\n\n\n\n<figure class=\"wp-block-image size-large\"><img loading=\"lazy\" decoding=\"async\" width=\"247\" height=\"350\" data-id=\"96\" src=\"https:\/\/www.lescouleurs.fr\/fr\/wp-content\/uploads\/2020\/07\/Affiche-Famille-A2.jpg\" alt=\"\" class=\"wp-image-96\" srcset=\"https:\/\/www.lescouleurs.fr\/fr\/wp-content\/uploads\/2020\/07\/Affiche-Famille-A2.jpg 247w, https:\/\/www.lescouleurs.fr\/fr\/wp-content\/uploads\/2020\/07\/Affiche-Famille-A2-212x300.jpg 212w\" sizes=\"auto, (max-width: 247px) 100vw, 247px\" \/><\/figure>\n\n\n\n<figure class=\"wp-block-image size-large\"><img loading=\"lazy\" decoding=\"async\" width=\"247\" height=\"350\" data-id=\"95\" src=\"https:\/\/www.lescouleurs.fr\/fr\/wp-content\/uploads\/2020\/07\/Affiche-Culture-A2.jpg\" alt=\"\" class=\"wp-image-95\" srcset=\"https:\/\/www.lescouleurs.fr\/fr\/wp-content\/uploads\/2020\/07\/Affiche-Culture-A2.jpg 247w, https:\/\/www.lescouleurs.fr\/fr\/wp-content\/uploads\/2020\/07\/Affiche-Culture-A2-212x300.jpg 212w\" sizes=\"auto, (max-width: 247px) 100vw, 247px\" \/><\/figure>\n\n\n\n<figure class=\"wp-block-image size-large\"><img loading=\"lazy\" decoding=\"async\" width=\"247\" height=\"350\" data-id=\"94\" src=\"https:\/\/www.lescouleurs.fr\/fr\/wp-content\/uploads\/2020\/07\/Affiche-cuisine-Piano-A2.jpg\" alt=\"\" class=\"wp-image-94\" srcset=\"https:\/\/www.lescouleurs.fr\/fr\/wp-content\/uploads\/2020\/07\/Affiche-cuisine-Piano-A2.jpg 247w, https:\/\/www.lescouleurs.fr\/fr\/wp-content\/uploads\/2020\/07\/Affiche-cuisine-Piano-A2-212x300.jpg 212w\" sizes=\"auto, (max-width: 247px) 100vw, 247px\" \/><\/figure>\n\n\n\n<figure class=\"wp-block-image size-large\"><img loading=\"lazy\" decoding=\"async\" width=\"247\" height=\"350\" data-id=\"93\" src=\"https:\/\/www.lescouleurs.fr\/fr\/wp-content\/uploads\/2020\/07\/Affiche-Cuisine-groupe-A2.jpg\" alt=\"\" class=\"wp-image-93\" srcset=\"https:\/\/www.lescouleurs.fr\/fr\/wp-content\/uploads\/2020\/07\/Affiche-Cuisine-groupe-A2.jpg 247w, https:\/\/www.lescouleurs.fr\/fr\/wp-content\/uploads\/2020\/07\/Affiche-Cuisine-groupe-A2-212x300.jpg 212w\" sizes=\"auto, (max-width: 247px) 100vw, 247px\" \/><\/figure>\n\n\n\n<figure class=\"wp-block-image size-large\"><img loading=\"lazy\" decoding=\"async\" width=\"247\" height=\"350\" data-id=\"92\" src=\"https:\/\/www.lescouleurs.fr\/fr\/wp-content\/uploads\/2020\/07\/Affiche-cafe-A2.jpg\" alt=\"\" class=\"wp-image-92\" srcset=\"https:\/\/www.lescouleurs.fr\/fr\/wp-content\/uploads\/2020\/07\/Affiche-cafe-A2.jpg 247w, https:\/\/www.lescouleurs.fr\/fr\/wp-content\/uploads\/2020\/07\/Affiche-cafe-A2-212x300.jpg 212w\" sizes=\"auto, (max-width: 247px) 100vw, 247px\" \/><\/figure>\n\n\n\n<figure class=\"wp-block-image size-large\"><img loading=\"lazy\" decoding=\"async\" width=\"247\" height=\"350\" data-id=\"91\" src=\"https:\/\/www.lescouleurs.fr\/fr\/wp-content\/uploads\/2020\/07\/Affiche-boulangerie-A2.jpg\" alt=\"\" class=\"wp-image-91\" srcset=\"https:\/\/www.lescouleurs.fr\/fr\/wp-content\/uploads\/2020\/07\/Affiche-boulangerie-A2.jpg 247w, https:\/\/www.lescouleurs.fr\/fr\/wp-content\/uploads\/2020\/07\/Affiche-boulangerie-A2-212x300.jpg 212w\" sizes=\"auto, (max-width: 247px) 100vw, 247px\" \/><\/figure>\n<\/figure>\n\n\n\n<p><\/p>\n","protected":false},"excerpt":{"rendered":"<p>LES AFFICHES DE LA CAMPAGNE ET ALORS !<\/p>\n","protected":false},"author":1,"featured_media":0,"parent":0,"menu_order":0,"comment_status":"closed","ping_status":"closed","template":"","meta":{"footnotes":""},"class_list":["post-90","page","type-page","status-publish","hentry"],"yoast_head":"<!-- This site is optimized with the Yoast SEO plugin v27.4 - https:\/\/yoast.com\/product\/yoast-seo-wordpress\/ -->\n<title>LE HANDICAP PSYCHIQUE S&#039;AFFICHE AVEC LA CAMPAGNE ET ALORS ! - Les couleurs<\/title>\n<meta name=\"robots\" content=\"index, follow, max-snippet:-1, max-image-preview:large, max-video-preview:-1\" \/>\n<link rel=\"canonical\" href=\"https:\/\/www.lescouleurs.fr\/fr\/le-handicap-psychique-saffiche-avec-la-campagne-et-alors\/\" \/>\n<meta property=\"og:locale\" content=\"fr_FR\" \/>\n<meta property=\"og:type\" content=\"article\" \/>\n<meta property=\"og:title\" content=\"LE HANDICAP PSYCHIQUE S&#039;AFFICHE AVEC LA CAMPAGNE ET ALORS ! - Les couleurs\" \/>\n<meta property=\"og:description\" content=\"LES AFFICHES DE LA CAMPAGNE ET ALORS !\" \/>\n<meta property=\"og:url\" content=\"https:\/\/www.lescouleurs.fr\/fr\/le-handicap-psychique-saffiche-avec-la-campagne-et-alors\/\" \/>\n<meta property=\"og:site_name\" content=\"Les couleurs\" \/>\n<meta property=\"article:modified_time\" content=\"2024-10-16T09:29:00+00:00\" \/>\n<meta property=\"og:image\" content=\"https:\/\/www.lescouleurs.fr\/fr\/wp-content\/uploads\/2022\/05\/Metro-1.jpg\" \/>\n\t<meta property=\"og:image:width\" content=\"1632\" \/>\n\t<meta property=\"og:image:height\" content=\"920\" \/>\n\t<meta property=\"og:image:type\" content=\"image\/jpeg\" \/>\n<meta name=\"twitter:card\" content=\"summary_large_image\" \/>\n<meta name=\"twitter:label1\" content=\"Dur\u00e9e de lecture estim\u00e9e\" \/>\n\t<meta name=\"twitter:data1\" content=\"4 minutes\" \/>\n<script type=\"application\/ld+json\" class=\"yoast-schema-graph\">{\"@context\":\"https:\\\/\\\/schema.org\",\"@graph\":[{\"@type\":\"WebPage\",\"@id\":\"https:\\\/\\\/www.lescouleurs.fr\\\/fr\\\/le-handicap-psychique-saffiche-avec-la-campagne-et-alors\\\/\",\"url\":\"https:\\\/\\\/www.lescouleurs.fr\\\/fr\\\/le-handicap-psychique-saffiche-avec-la-campagne-et-alors\\\/\",\"name\":\"LE HANDICAP PSYCHIQUE S'AFFICHE AVEC LA CAMPAGNE ET ALORS ! - Les couleurs\",\"isPartOf\":{\"@id\":\"https:\\\/\\\/www.lescouleurs.fr\\\/fr\\\/#website\"},\"primaryImageOfPage\":{\"@id\":\"https:\\\/\\\/www.lescouleurs.fr\\\/fr\\\/le-handicap-psychique-saffiche-avec-la-campagne-et-alors\\\/#primaryimage\"},\"image\":{\"@id\":\"https:\\\/\\\/www.lescouleurs.fr\\\/fr\\\/le-handicap-psychique-saffiche-avec-la-campagne-et-alors\\\/#primaryimage\"},\"thumbnailUrl\":\"https:\\\/\\\/www.lescouleurs.fr\\\/fr\\\/wp-content\\\/uploads\\\/2022\\\/05\\\/Metro-1-1024x577.jpg\",\"datePublished\":\"2020-07-29T13:56:52+00:00\",\"dateModified\":\"2024-10-16T09:29:00+00:00\",\"breadcrumb\":{\"@id\":\"https:\\\/\\\/www.lescouleurs.fr\\\/fr\\\/le-handicap-psychique-saffiche-avec-la-campagne-et-alors\\\/#breadcrumb\"},\"inLanguage\":\"fr-FR\",\"potentialAction\":[{\"@type\":\"ReadAction\",\"target\":[\"https:\\\/\\\/www.lescouleurs.fr\\\/fr\\\/le-handicap-psychique-saffiche-avec-la-campagne-et-alors\\\/\"]}]},{\"@type\":\"ImageObject\",\"inLanguage\":\"fr-FR\",\"@id\":\"https:\\\/\\\/www.lescouleurs.fr\\\/fr\\\/le-handicap-psychique-saffiche-avec-la-campagne-et-alors\\\/#primaryimage\",\"url\":\"https:\\\/\\\/www.lescouleurs.fr\\\/fr\\\/wp-content\\\/uploads\\\/2022\\\/05\\\/Metro-1.jpg\",\"contentUrl\":\"https:\\\/\\\/www.lescouleurs.fr\\\/fr\\\/wp-content\\\/uploads\\\/2022\\\/05\\\/Metro-1.jpg\",\"width\":1632,\"height\":920},{\"@type\":\"BreadcrumbList\",\"@id\":\"https:\\\/\\\/www.lescouleurs.fr\\\/fr\\\/le-handicap-psychique-saffiche-avec-la-campagne-et-alors\\\/#breadcrumb\",\"itemListElement\":[{\"@type\":\"ListItem\",\"position\":1,\"name\":\"Accueil\",\"item\":\"https:\\\/\\\/www.lescouleurs.fr\\\/fr\\\/\"},{\"@type\":\"ListItem\",\"position\":2,\"name\":\"LE HANDICAP PSYCHIQUE S&rsquo;AFFICHE AVEC LA CAMPAGNE ET ALORS !\"}]},{\"@type\":\"WebSite\",\"@id\":\"https:\\\/\\\/www.lescouleurs.fr\\\/fr\\\/#website\",\"url\":\"https:\\\/\\\/www.lescouleurs.fr\\\/fr\\\/\",\"name\":\"Les couleurs\",\"description\":\"\",\"publisher\":{\"@id\":\"https:\\\/\\\/www.lescouleurs.fr\\\/fr\\\/#organization\"},\"potentialAction\":[{\"@type\":\"SearchAction\",\"target\":{\"@type\":\"EntryPoint\",\"urlTemplate\":\"https:\\\/\\\/www.lescouleurs.fr\\\/fr\\\/?s={search_term_string}\"},\"query-input\":{\"@type\":\"PropertyValueSpecification\",\"valueRequired\":true,\"valueName\":\"search_term_string\"}}],\"inLanguage\":\"fr-FR\"},{\"@type\":\"Organization\",\"@id\":\"https:\\\/\\\/www.lescouleurs.fr\\\/fr\\\/#organization\",\"name\":\"Les couleurs\",\"url\":\"https:\\\/\\\/www.lescouleurs.fr\\\/fr\\\/\",\"logo\":{\"@type\":\"ImageObject\",\"inLanguage\":\"fr-FR\",\"@id\":\"https:\\\/\\\/www.lescouleurs.fr\\\/fr\\\/#\\\/schema\\\/logo\\\/image\\\/\",\"url\":\"https:\\\/\\\/www.lescouleurs.fr\\\/fr\\\/wp-content\\\/uploads\\\/2024\\\/09\\\/logo_couleurs_2024.png\",\"contentUrl\":\"https:\\\/\\\/www.lescouleurs.fr\\\/fr\\\/wp-content\\\/uploads\\\/2024\\\/09\\\/logo_couleurs_2024.png\",\"width\":188,\"height\":92,\"caption\":\"Les couleurs\"},\"image\":{\"@id\":\"https:\\\/\\\/www.lescouleurs.fr\\\/fr\\\/#\\\/schema\\\/logo\\\/image\\\/\"}}]}<\/script>\n<!-- \/ Yoast SEO plugin. -->","yoast_head_json":{"title":"LE HANDICAP PSYCHIQUE S'AFFICHE AVEC LA CAMPAGNE ET ALORS ! - Les couleurs","robots":{"index":"index","follow":"follow","max-snippet":"max-snippet:-1","max-image-preview":"max-image-preview:large","max-video-preview":"max-video-preview:-1"},"canonical":"https:\/\/www.lescouleurs.fr\/fr\/le-handicap-psychique-saffiche-avec-la-campagne-et-alors\/","og_locale":"fr_FR","og_type":"article","og_title":"LE HANDICAP PSYCHIQUE S'AFFICHE AVEC LA CAMPAGNE ET ALORS ! - Les couleurs","og_description":"LES AFFICHES DE LA CAMPAGNE ET ALORS !","og_url":"https:\/\/www.lescouleurs.fr\/fr\/le-handicap-psychique-saffiche-avec-la-campagne-et-alors\/","og_site_name":"Les couleurs","article_modified_time":"2024-10-16T09:29:00+00:00","og_image":[{"width":1632,"height":920,"url":"https:\/\/www.lescouleurs.fr\/fr\/wp-content\/uploads\/2022\/05\/Metro-1.jpg","type":"image\/jpeg"}],"twitter_card":"summary_large_image","twitter_misc":{"Dur\u00e9e de lecture estim\u00e9e":"4 minutes"},"schema":{"@context":"https:\/\/schema.org","@graph":[{"@type":"WebPage","@id":"https:\/\/www.lescouleurs.fr\/fr\/le-handicap-psychique-saffiche-avec-la-campagne-et-alors\/","url":"https:\/\/www.lescouleurs.fr\/fr\/le-handicap-psychique-saffiche-avec-la-campagne-et-alors\/","name":"LE HANDICAP PSYCHIQUE S'AFFICHE AVEC LA CAMPAGNE ET ALORS ! - Les couleurs","isPartOf":{"@id":"https:\/\/www.lescouleurs.fr\/fr\/#website"},"primaryImageOfPage":{"@id":"https:\/\/www.lescouleurs.fr\/fr\/le-handicap-psychique-saffiche-avec-la-campagne-et-alors\/#primaryimage"},"image":{"@id":"https:\/\/www.lescouleurs.fr\/fr\/le-handicap-psychique-saffiche-avec-la-campagne-et-alors\/#primaryimage"},"thumbnailUrl":"https:\/\/www.lescouleurs.fr\/fr\/wp-content\/uploads\/2022\/05\/Metro-1-1024x577.jpg","datePublished":"2020-07-29T13:56:52+00:00","dateModified":"2024-10-16T09:29:00+00:00","breadcrumb":{"@id":"https:\/\/www.lescouleurs.fr\/fr\/le-handicap-psychique-saffiche-avec-la-campagne-et-alors\/#breadcrumb"},"inLanguage":"fr-FR","potentialAction":[{"@type":"ReadAction","target":["https:\/\/www.lescouleurs.fr\/fr\/le-handicap-psychique-saffiche-avec-la-campagne-et-alors\/"]}]},{"@type":"ImageObject","inLanguage":"fr-FR","@id":"https:\/\/www.lescouleurs.fr\/fr\/le-handicap-psychique-saffiche-avec-la-campagne-et-alors\/#primaryimage","url":"https:\/\/www.lescouleurs.fr\/fr\/wp-content\/uploads\/2022\/05\/Metro-1.jpg","contentUrl":"https:\/\/www.lescouleurs.fr\/fr\/wp-content\/uploads\/2022\/05\/Metro-1.jpg","width":1632,"height":920},{"@type":"BreadcrumbList","@id":"https:\/\/www.lescouleurs.fr\/fr\/le-handicap-psychique-saffiche-avec-la-campagne-et-alors\/#breadcrumb","itemListElement":[{"@type":"ListItem","position":1,"name":"Accueil","item":"https:\/\/www.lescouleurs.fr\/fr\/"},{"@type":"ListItem","position":2,"name":"LE HANDICAP PSYCHIQUE S&rsquo;AFFICHE AVEC LA CAMPAGNE ET ALORS !"}]},{"@type":"WebSite","@id":"https:\/\/www.lescouleurs.fr\/fr\/#website","url":"https:\/\/www.lescouleurs.fr\/fr\/","name":"Les couleurs","description":"","publisher":{"@id":"https:\/\/www.lescouleurs.fr\/fr\/#organization"},"potentialAction":[{"@type":"SearchAction","target":{"@type":"EntryPoint","urlTemplate":"https:\/\/www.lescouleurs.fr\/fr\/?s={search_term_string}"},"query-input":{"@type":"PropertyValueSpecification","valueRequired":true,"valueName":"search_term_string"}}],"inLanguage":"fr-FR"},{"@type":"Organization","@id":"https:\/\/www.lescouleurs.fr\/fr\/#organization","name":"Les couleurs","url":"https:\/\/www.lescouleurs.fr\/fr\/","logo":{"@type":"ImageObject","inLanguage":"fr-FR","@id":"https:\/\/www.lescouleurs.fr\/fr\/#\/schema\/logo\/image\/","url":"https:\/\/www.lescouleurs.fr\/fr\/wp-content\/uploads\/2024\/09\/logo_couleurs_2024.png","contentUrl":"https:\/\/www.lescouleurs.fr\/fr\/wp-content\/uploads\/2024\/09\/logo_couleurs_2024.png","width":188,"height":92,"caption":"Les couleurs"},"image":{"@id":"https:\/\/www.lescouleurs.fr\/fr\/#\/schema\/logo\/image\/"}}]}},"_links":{"self":[{"href":"https:\/\/www.lescouleurs.fr\/fr\/wp-json\/wp\/v2\/pages\/90","targetHints":{"allow":["GET"]}}],"collection":[{"href":"https:\/\/www.lescouleurs.fr\/fr\/wp-json\/wp\/v2\/pages"}],"about":[{"href":"https:\/\/www.lescouleurs.fr\/fr\/wp-json\/wp\/v2\/types\/page"}],"author":[{"embeddable":true,"href":"https:\/\/www.lescouleurs.fr\/fr\/wp-json\/wp\/v2\/users\/1"}],"replies":[{"embeddable":true,"href":"https:\/\/www.lescouleurs.fr\/fr\/wp-json\/wp\/v2\/comments?post=90"}],"version-history":[{"count":2,"href":"https:\/\/www.lescouleurs.fr\/fr\/wp-json\/wp\/v2\/pages\/90\/revisions"}],"predecessor-version":[{"id":1796,"href":"https:\/\/www.lescouleurs.fr\/fr\/wp-json\/wp\/v2\/pages\/90\/revisions\/1796"}],"wp:attachment":[{"href":"https:\/\/www.lescouleurs.fr\/fr\/wp-json\/wp\/v2\/media?parent=90"}],"curies":[{"name":"wp","href":"https:\/\/api.w.org\/{rel}","templated":true}]}}